{"id":6,"date":"2025-07-24T08:35:55","date_gmt":"2025-07-24T06:35:55","guid":{"rendered":"https:\/\/beefreelegally.com\/?page_id=6"},"modified":"2025-07-28T10:43:07","modified_gmt":"2025-07-28T08:43:07","slug":"coaching","status":"publish","type":"page","link":"https:\/\/beefreelegally.com\/pl\/coaching\/","title":{"rendered":"Coaching"},"content":{"rendered":"<!-- pages -->\n\n<div class=\"grid sm:grid-cols-2 gap-[1%] lg:grid-cols-[repeat(auto-fit,minmax(24%,1fr))] w-full justify-items-center md:gap-y-5 md:grid-cols-3  main-wrapper px-5text-secondaryText\">\n  \n      <div class=\"flex flex-col w-full hover:shadow-2xl p-5 duration-500  overflow-hidden group max-w-[380px] md:max-w-none text-secondaryText\" href=\"https:\/\/beefreelegally.com\/pl\/coaching\/coaching-rozwodowy\/\">\n        <a href=\"https:\/\/beefreelegally.com\/pl\/coaching\/coaching-rozwodowy\/\" class=\"relative block\"><img decoding=\"async\"\n            srcset=\" https:\/\/beefreelegally.com\/wp-content\/uploads\/2025\/07\/people-2.webp 768w, https:\/\/beefreelegally.com\/wp-content\/uploads\/2025\/07\/people-2.webp 1200w\"\n            sizes=\"(max-width: 900px) 768px\"\n            src=\"https:\/\/beefreelegally.com\/wp-content\/uploads\/2025\/07\/people-2.webp\"\n            alt=\"\"\n            class=\"w-12 fill-footerBg\" \/><\/a>\n        <h3 class=\"pt-10 text-xl md:text-4xl link basic link-basic\"><a href=\"https:\/\/beefreelegally.com\/pl\/coaching\/coaching-rozwodowy\/\">Coaching rozwodowy<\/a><\/h3>\n\n        <div class=\"flex flex-col justify-end duration-300 grow \">\n\n          <p class=\"pt-10 text-secondaryText \">Jeste\u015b w trakcie rozwodu lub ju\u017c po \u2013 ale emocje, decyzje i codzienno\u015b\u0107 nadal Ci\u0119 przyt\u0142aczaj\u0105? Pomog\u0119 Ci odzyska\u0107 spok\u00f3j, wyznaczy\u0107 granice i stworzy\u0107 plan na nowy etap \u017cycia \u2013 bez chaosu i poczucia winy.<\/p>\n          <a href=\"https:\/\/beefreelegally.com\/pl\/coaching\/coaching-rozwodowy\/\" class=\"flex items-center gap-2 pt-5 group\/item \">Poznaj szczeg\u00f3\u0142y <svg xmlns=\"http:\/\/www.w3.org\/2000\/svg\" width=\"16\" height=\"16\" class=\"duration-300  group-hover\/item:translate-x-1  group-[.text-white]:fill-white\" viewBox=\"0 0 16 16\">\n              <path fill-rule=\"evenodd\" d=\"M1 8a.5.5 0 0 1 .5-.5h11.793l-3.147-3.146a.5.5 0 0 1 .708-.708l4 4a.5.5 0 0 1 0 .708l-4 4a.5.5 0 0 1-.708-.708L13.293 8.5H1.5A.5.5 0 0 1 1 8\" \/>\n            <\/svg><\/a>\n\n        <\/div>\n\n\n\n      <\/div>\n\n\n\n\n\n\n\n\n\n\n  \n      <div class=\"flex flex-col w-full hover:shadow-2xl p-5 duration-500  overflow-hidden group max-w-[380px] md:max-w-none text-secondaryText\" href=\"https:\/\/beefreelegally.com\/pl\/coaching\/coaching-relacji\/\">\n        <a href=\"https:\/\/beefreelegally.com\/pl\/coaching\/coaching-relacji\/\" class=\"relative block\"><img decoding=\"async\"\n            srcset=\" https:\/\/beefreelegally.com\/wp-content\/uploads\/2025\/07\/puzzle-1.webp 768w, https:\/\/beefreelegally.com\/wp-content\/uploads\/2025\/07\/puzzle-1.webp 1200w\"\n            sizes=\"(max-width: 900px) 768px\"\n            src=\"https:\/\/beefreelegally.com\/wp-content\/uploads\/2025\/07\/puzzle-1.webp\"\n            alt=\"\"\n            class=\"w-12 fill-footerBg\" \/><\/a>\n        <h3 class=\"pt-10 text-xl md:text-4xl link basic link-basic\"><a href=\"https:\/\/beefreelegally.com\/pl\/coaching\/coaching-relacji\/\">Coaching relacji<\/a><\/h3>\n\n        <div class=\"flex flex-col justify-end duration-300 grow \">\n\n          <p class=\"pt-10 text-secondaryText \">Masz poczucie, \u017ce co\u015b w Waszej relacji si\u0119 wypala, a rozmowy ko\u0144cz\u0105 si\u0119 frustracj\u0105 lub milczeniem? Pomagam uporz\u0105dkowa\u0107 emocje, odbudowa\u0107 komunikacj\u0119 i podj\u0105\u0107 decyzje, kt\u00f3re b\u0119d\u0105 zgodne z Tob\u0105 \u2013 nie z cudzymi oczekiwaniami.<\/p>\n          <a href=\"https:\/\/beefreelegally.com\/pl\/coaching\/coaching-relacji\/\" class=\"flex items-center gap-2 pt-5 group\/item \">Poznaj szczeg\u00f3\u0142y <svg xmlns=\"http:\/\/www.w3.org\/2000\/svg\" width=\"16\" height=\"16\" class=\"duration-300  group-hover\/item:translate-x-1  group-[.text-white]:fill-white\" viewBox=\"0 0 16 16\">\n              <path fill-rule=\"evenodd\" d=\"M1 8a.5.5 0 0 1 .5-.5h11.793l-3.147-3.146a.5.5 0 0 1 .708-.708l4 4a.5.5 0 0 1 0 .708l-4 4a.5.5 0 0 1-.708-.708L13.293 8.5H1.5A.5.5 0 0 1 1 8\" \/>\n            <\/svg><\/a>\n\n        <\/div>\n\n\n\n      <\/div>\n\n\n\n\n\n\n\n\n\n\n  \n      <div class=\"flex flex-col w-full hover:shadow-2xl p-5 duration-500  overflow-hidden group max-w-[380px] md:max-w-none text-secondaryText\" href=\"https:\/\/beefreelegally.com\/pl\/coaching\/coaching-przed-rozstaniem\/\">\n        <a href=\"https:\/\/beefreelegally.com\/pl\/coaching\/coaching-przed-rozstaniem\/\" class=\"relative block\"><img decoding=\"async\"\n            srcset=\" https:\/\/beefreelegally.com\/wp-content\/uploads\/2025\/07\/woman-1.webp 768w, https:\/\/beefreelegally.com\/wp-content\/uploads\/2025\/07\/woman-1.webp 1200w\"\n            sizes=\"(max-width: 900px) 768px\"\n            src=\"https:\/\/beefreelegally.com\/wp-content\/uploads\/2025\/07\/woman-1.webp\"\n            alt=\"\"\n            class=\"w-12 fill-footerBg\" \/><\/a>\n        <h3 class=\"pt-10 text-xl md:text-4xl link basic link-basic\"><a href=\"https:\/\/beefreelegally.com\/pl\/coaching\/coaching-przed-rozstaniem\/\">Coaching przed rozstaniem<\/a><\/h3>\n\n        <div class=\"flex flex-col justify-end duration-300 grow \">\n\n          <p class=\"pt-10 text-secondaryText \">Wci\u0105\u017c wahasz si\u0119, czy odej\u015b\u0107, czy zosta\u0107 \u2013 rozdarta mi\u0119dzy l\u0119kiem, nadziej\u0105 a rozs\u0105dkiem? Pomog\u0119 Ci zrozumie\u0107, czego naprawd\u0119 chcesz, i spokojnie przygotowa\u0107 si\u0119 na ka\u017cdy mo\u017cliwy scenariusz.<\/p>\n          <a href=\"https:\/\/beefreelegally.com\/pl\/coaching\/coaching-przed-rozstaniem\/\" class=\"flex items-center gap-2 pt-5 group\/item \">Poznaj szczeg\u00f3\u0142y <svg xmlns=\"http:\/\/www.w3.org\/2000\/svg\" width=\"16\" height=\"16\" class=\"duration-300  group-hover\/item:translate-x-1  group-[.text-white]:fill-white\" viewBox=\"0 0 16 16\">\n              <path fill-rule=\"evenodd\" d=\"M1 8a.5.5 0 0 1 .5-.5h11.793l-3.147-3.146a.5.5 0 0 1 .708-.708l4 4a.5.5 0 0 1 0 .708l-4 4a.5.5 0 0 1-.708-.708L13.293 8.5H1.5A.5.5 0 0 1 1 8\" \/>\n            <\/svg><\/a>\n\n        <\/div>\n\n\n\n      <\/div>\n\n\n\n\n\n\n\n\n\n\n  <\/div>","protected":false},"excerpt":{"rendered":"","protected":false},"author":1,"featured_media":0,"parent":0,"menu_order":0,"comment_status":"closed","ping_status":"closed","template":"","meta":{"footnotes":""},"class_list":["post-6","page","type-page","status-publish","hentry"],"_links":{"self":[{"href":"https:\/\/beefreelegally.com\/pl\/wp-json\/wp\/v2\/pages\/6","targetHints":{"allow":["GET"]}}],"collection":[{"href":"https:\/\/beefreelegally.com\/pl\/wp-json\/wp\/v2\/pages"}],"about":[{"href":"https:\/\/beefreelegally.com\/pl\/wp-json\/wp\/v2\/types\/page"}],"author":[{"embeddable":true,"href":"https:\/\/beefreelegally.com\/pl\/wp-json\/wp\/v2\/users\/1"}],"replies":[{"embeddable":true,"href":"https:\/\/beefreelegally.com\/pl\/wp-json\/wp\/v2\/comments?post=6"}],"version-history":[{"count":2,"href":"https:\/\/beefreelegally.com\/pl\/wp-json\/wp\/v2\/pages\/6\/revisions"}],"predecessor-version":[{"id":179,"href":"https:\/\/beefreelegally.com\/pl\/wp-json\/wp\/v2\/pages\/6\/revisions\/179"}],"wp:attachment":[{"href":"https:\/\/beefreelegally.com\/pl\/wp-json\/wp\/v2\/media?parent=6"}],"curies":[{"name":"wp","href":"https:\/\/api.w.org\/{rel}","templated":true}]}}