{"id":21,"date":"2025-07-24T08:37:06","date_gmt":"2025-07-24T06:37:06","guid":{"rendered":"https:\/\/beefreelegally.com\/?page_id=21"},"modified":"2025-09-30T14:27:03","modified_gmt":"2025-09-30T12:27:03","slug":"coaching-relacji","status":"publish","type":"page","link":"https:\/\/beefreelegally.com\/pl\/coaching\/coaching-relacji\/","title":{"rendered":"Coaching relacji"},"content":{"rendered":"\n<section class=\"wp-block-group main-wrapper intersect:animate-fade-up intersect:animate-delay-100 intersect-once animation-core is-layout-constrained wp-block-group-is-layout-constrained\" style=\"box-shadow:var(--wp--preset--shadow--natural)\">\n<div style=\"height:20px\" aria-hidden=\"true\" class=\"wp-block-spacer\"><\/div>\n\n\n<div style=\"background-color:  \" class=\"pt-26 \">\n  <div class=\"main-wrapper text-container gap-10  px-5 flex flex-col  md:grid md:grid-cols-2  relative  \">\n\n    <div class=\"flex   flex-col gap-5 sm:flex-row md:row-start-1 md:row-end-2  md:col-start-2 md:col-end-3\">\n      <div class=\"relative w-full mt-26 md:mt-0 \"><img decoding=\"async\" src=\"https:\/\/beefreelegally.com\/wp-content\/uploads\/2025\/07\/terapeuta-beefree.webp\" alt=\"BeeFreeLegally terapia\" class=\"intersect:animate-fade-up intersect:animate-delay-200 intersect:animate-duration-[500ms] animation-core intersect-once  max-w-full h-auto object-cover \" \/><img decoding=\"async\" src=\"https:\/\/beefreelegally.com\/wp-content\/uploads\/2025\/07\/bee-free-zmiana.webp\" alt=\"Bee free zmiana\" class=\"absolute top-0 object-cover w-full -translate-y-1\/2 right-5 h-34 max-w-56 sm:h-52 sm:max-w-80 intersect:animate-fade-left intersect:animate-delay-200 intersect:animate-duration-[500ms] animation-core intersect-once \" \/><\/div>\n\n    <\/div>\n    <div class=\"   md:row-start-1 md:row-end-2  md:col-start-1 md:col-end-2\">\n      \n\n<div class=\"wp-block-group is-vertical is-layout-flex wp-container-core-group-is-layout-fe9cc265 wp-block-group-is-layout-flex\">\n<h2 class=\"text-2xl md:text-3xl lg:text-4xl wp-block-mrblocks-generictext max-w-md has-primary-color has-text-color has-link-color wp-elements-1c0f2fe2eea51c516cecee055161633b\"><br><strong>Coaching relacji \u2013 co to jest i jak dzia\u0142a?<\/strong><\/h2>\n\n\n\n<p class=\"max-w-md\">Coaching relacji to proces, w kt\u00f3rym coach wspiera klienta (lub par\u0119) w poprawie jako\u015bci i satysfakcji z relacji mi\u0119dzyludzkich \u2013 zar\u00f3wno partnerskich, rodzinnych, jak i zawodowych. Skupia si\u0119 na tera\u017aniejszo\u015bci i przysz\u0142o\u015bci, pomagaj\u0105c w rozwoju komunikacji, rozwi\u0105zywaniu konflikt\u00f3w oraz budowaniu zdrowszych, bardziej wspieraj\u0105cych wzorc\u00f3w zachowa\u0144.<\/p>\n\n\n\n<p><strong>W praktyce oznacza to:<\/strong><\/p>\n\n\n\n<ul class=\"wp-block-list has-secondary-color has-text-color has-link-color wp-elements-1fa059b60529f7ca7a8ab04c757387e1\">\n<li><strong>Wsparcie w budowaniu relacji:<\/strong> uczymy si\u0119, jak wzmacnia\u0107 wi\u0119\u017a z partnerem, dzie\u0107mi, przyjaci\u00f3\u0142mi czy wsp\u00f3\u0142pracownikami.<\/li>\n\n\n\n<li><strong>Popraw\u0119 komunikacji: <\/strong>pracujemy nad tym, by naprawd\u0119 s\u0142ucha\u0107 i by\u0107 s\u0142yszanym \u2013 bez obwiniania, z wi\u0119ksz\u0105 asertywno\u015bci\u0105 i empati\u0105.<\/li>\n\n\n\n<li><strong>Rozw\u00f3j osobisty:<\/strong> coaching relacji pomaga nie tylko w kontaktach z innymi, ale te\u017c w poznaniu siebie, zwi\u0119kszeniu pewno\u015bci siebie i tworzeniu zdrowych nawyk\u00f3w relacyjnych.<\/li>\n\n\n\n<li><strong>Skupienie na przysz\u0142o\u015bci: <\/strong>w odr\u00f3\u017cnieniu od terapii, nie analizujemy w niesko\u0144czono\u015b\u0107 przesz\u0142o\u015bci, tylko tworzymy plan dzia\u0142ania, kt\u00f3ry daje efekty tu i teraz.<\/li>\n\n\n\n<li><strong>Elastyczne formy wsp\u00f3\u0142pracy:<\/strong> mo\u017cesz pracowa\u0107 ze mn\u0105 indywidualnie, w parze lub w formie sesji skupionej na relacjach zawodowych \u2013 to Ty decydujesz o formie i d\u0142ugo\u015bci wsp\u00f3\u0142pracy.<\/li>\n<\/ul>\n\n\n<a class=\"button-secondary \" href=\"\/kontakt\/\">\n  Bezp\u0142atna konsultacja<\/a><\/div>\n\n    <\/div>\n    <div> <\/div>\n  <\/div>\n\n<\/div>\n\n\n<div style=\"height:20px\" aria-hidden=\"true\" class=\"wp-block-spacer\"><\/div>\n<\/section>\n\n\n<div class=\" spacing-top main-wrapper \" \/>\n<\/div>\n\n\n<section class=\"wp-block-group is-layout-constrained wp-block-group-is-layout-constrained\">\n<div class=\"wp-block-columns main-wrapper px-5 gap-10 text-container is-layout-flex wp-container-core-columns-is-layout-28f84493 wp-block-columns-is-layout-flex\">\n<div class=\"wp-block-column is-layout-flow wp-block-column-is-layout-flow\">\n<h2 class=\"text-2xl md:text-3xl lg:text-4xl wp-block-mrblocks-generictext has-primary-color has-text-color has-link-color wp-elements-15792820fec1e9caf15d140fbc9a53b2\">Kiedy warto skorzysta\u0107 z coachingu relacji?<\/h2>\n<\/div>\n\n\n\n<div class=\"wp-block-column is-layout-flow wp-block-column-is-layout-flow\">\n<ul class=\"wp-block-list has-secondary-color has-text-color has-link-color wp-elements-2e120de2d14ae0587b211158424db487\">\n<li><strong>Trudno\u015bci w komunikacji:<\/strong> gdy ka\u017cde spotkanie ko\u0144czy si\u0119 nieporozumieniem, brakuje otwarto\u015bci, zrozumienia i asertywno\u015bci.<\/li>\n\n\n\n<li><strong>Kryzys w zwi\u0105zku:<\/strong> kiedy wkrada si\u0119 ch\u0142\u00f3d, niepewno\u015b\u0107 lub pojawia si\u0119 pytanie: \u201eczy warto dalej i\u015b\u0107 razem?\u201d<\/li>\n\n\n\n<li><strong>Problemy z budowaniem relacji:<\/strong> gdy trudno nawi\u0105za\u0107 i utrzyma\u0107 blisko\u015b\u0107, a relacje zawodowe staj\u0105 si\u0119 \u017ar\u00f3d\u0142em napi\u0119cia.<\/li>\n\n\n\n<li><strong>Ch\u0119\u0107 rozwoju osobistego: <\/strong>gdy pragniesz lepiej rozumie\u0107 siebie, swoje emocje i zwi\u0119kszy\u0107 pewno\u015b\u0107 w relacjach z innymi.<\/li>\n<\/ul>\n<\/div>\n<\/div>\n<\/section>\n\n\n<div class=\" spacing-top main-wrapper \" \/>\n<\/div>\n\n\n<section class=\"wp-block-group is-layout-constrained wp-block-group-is-layout-constrained\">\n<div class=\"wp-block-columns main-wrapper px-5 gap-10 text-container is-layout-flex wp-container-core-columns-is-layout-28f84493 wp-block-columns-is-layout-flex\">\n<div class=\"wp-block-column is-layout-flow wp-block-column-is-layout-flow\">\n<h2 class=\"text-2xl md:text-3xl lg:text-4xl wp-block-mrblocks-generictext has-primary-color has-text-color has-link-color wp-elements-a9f6f89b4112325e89f72f3e48bb55fa\">Co zyskasz dzi\u0119ki coachingowi relacji?<\/h2>\n<\/div>\n\n\n\n<div class=\"wp-block-column is-layout-flow wp-block-column-is-layout-flow\">\n<ul class=\"wp-block-list has-secondary-color has-text-color has-link-color wp-elements-c7d0150fcfd8a381943956e71a453cd4\">\n<li><strong>Wi\u0119ksz\u0105 \u015bwiadomo\u015b\u0107 w\u0142asnych emocji i potrzeb<\/strong>, co u\u0142atwia wyra\u017canie siebie w relacji.<\/li>\n\n\n\n<li><strong>Praktyczne narz\u0119dzia komunikacyjne<\/strong>, kt\u00f3re pomog\u0105 rozmawia\u0107 spokojniej i skuteczniej \u2013 bez eskalowania konflikt\u00f3w.<\/li>\n\n\n\n<li><strong>Odbudow\u0119 blisko\u015bci i wi\u0119zi<\/strong>, gdy zwi\u0105zek sta\u0142 si\u0119 rutyn\u0105 lub polem nieporozumie\u0144.<\/li>\n\n\n\n<li><strong>Poczucie wp\u0142ywu i pewno\u015bci siebie<\/strong>, kt\u00f3re prze\u0142o\u017cy si\u0119 na wszystkie relacje \u2013 r\u00f3wnie\u017c zawodowe.<\/li>\n<\/ul>\n<\/div>\n<\/div>\n\n\n<div class=\" spacing-top main-wrapper \" \/>\n<\/div>\n\n\n<div class=\"wp-block-columns main-wrapper px-5 gap-10 text-container is-layout-flex wp-container-core-columns-is-layout-28f84493 wp-block-columns-is-layout-flex\">\n<div class=\"wp-block-column is-layout-flow wp-block-column-is-layout-flow\">\n<h2 class=\"text-2xl md:text-3xl lg:text-4xl wp-block-mrblocks-generictext has-primary-color has-text-color has-link-color wp-elements-e2f029c0aa2f5279cf74afd2b67967fe\">Jak wygl\u0105da wsp\u00f3\u0142praca?<\/h2>\n\n\n\n<p><strong>To nie jest terapia ci\u0105gn\u0105ca si\u0119 latami<\/strong>. Wsp\u00f3\u0142praca trwa tyle, ile potrzebujesz \u2013 czasem wystarczy jedna lub kilka sesji, aby nabra\u0107 jasno\u015bci, podj\u0105\u0107 decyzj\u0119 lub nauczy\u0107 si\u0119 nowych sposob\u00f3w rozmowy i reagowania. Ty decydujesz, jak cz\u0119sto spotykamy si\u0119 i w jakiej formie \u2013 moim zadaniem jest dopasowa\u0107 si\u0119 do Twoich realnych potrzeb.<\/p>\n\n\n\n<p><br><strong>Nie musisz ju\u017c d\u0142u\u017cej udawa\u0107, \u017ce wszystko gra.<\/strong><br>Zr\u00f3b pierwszy krok w stron\u0119 relacji, kt\u00f3ra b\u0119dzie Ci s\u0142u\u017cy\u0107. Takiej, w kt\u00f3rej naprawd\u0119 jeste\u015b sob\u0105.<\/p>\n<\/div>\n<\/div>\n\n\n<div class=\" spacing-top main-wrapper \" \/>\n<\/div>\n\n\n<div class=\"wp-block-group is-layout-flow wp-block-group-is-layout-flow\">\n<div class=\"wp-block-columns gap-10 main-wrapper px-5 is-layout-flex wp-container-core-columns-is-layout-28f84493 wp-block-columns-is-layout-flex\">\n<div class=\"wp-block-column p-5 has-secondary-color has-text-color has-link-color wp-elements-f8aab4ea517a1a0893a42181cecaf12d is-layout-flow wp-block-column-is-layout-flow\" style=\"box-shadow:var(--wp--preset--shadow--natural)\">\n<h2 class=\"text-xl md:text-2xl wp-block-mrblocks-generictext has-primary-color has-text-color has-link-color wp-elements-ef6265ce7c10c3723d4f1be823e3bed2\">SESJA KLAROWNO\u015aCI<\/h2>\n\n\n\n<p>(pojedyncza sesja 60 min)<\/p>\n\n\n\n<div style=\"height:20px\" aria-hidden=\"true\" class=\"wp-block-spacer\"><\/div>\n\n\n\n<div class=\"wp-block-group text-container is-vertical is-layout-flex wp-container-core-group-is-layout-fe9cc265 wp-block-group-is-layout-flex\">\n<p><strong>Co zawiera:<\/strong><\/p>\n\n\n\n<ul class=\"wp-block-list\">\n<li>Indywidualne, bezpieczne spotkanie 1:1 (60 minut, online lub stacjonarnie)<\/li>\n\n\n\n<li>Przestrze\u0144, w kt\u00f3rej mo\u017cesz powiedzie\u0107 wszystko bez oceny i presji<\/li>\n\n\n\n<li>Pomoc w uporz\u0105dkowaniu my\u015bli i emocji \u201etu i teraz\u201d<\/li>\n\n\n\n<li>Nazwanie kluczowego wyzwania lub pytania, z kt\u00f3rym przychodzisz<\/li>\n\n\n\n<li>Odkrycie pierwszego, mo\u017cliwego do zrobienia kroku<\/li>\n\n\n\n<li>Mailowe podsumowanie z zapisaniem najwa\u017cniejszych wniosk\u00f3w<\/li>\n<\/ul>\n\n\n\n<p><strong>Dla os\u00f3b<\/strong>, <strong>kt\u00f3re czuj\u0105, \u017ce utkn\u0119\u0142y<\/strong>, potrzebuj\u0105 nazwa\u0107 problem lub podj\u0105\u0107 decyzj\u0119, a chc\u0105 to zrobi\u0107 w obecno\u015bci osoby wspieraj\u0105cej.<\/p>\n\n\n\n<h3 class=\"text-xl md:text-2xl wp-block-mrblocks-generictext has-primary-color has-text-color has-link-color wp-elements-76eb303deef749b5414e33bc5484ae3f\">Cena: 500 z\u0142<\/h3>\n<\/div>\n<\/div>\n\n\n\n<div class=\"wp-block-column p-5 has-secondary-color has-text-color has-link-color wp-elements-6e8867b3b17ccf201b8a61df3c628744 is-layout-flow wp-block-column-is-layout-flow\" style=\"box-shadow:var(--wp--preset--shadow--natural)\">\n<h2 class=\"text-xl md:text-2xl wp-block-mrblocks-generictext has-primary-color has-text-color has-link-color wp-elements-6c1adc0ac66badab495a91032db47c6c\">PAKIET STABILNO\u015a\u0106<\/h2>\n\n\n\n<p>(3\u20136 sesji)<\/p>\n\n\n\n<div style=\"height:20px\" aria-hidden=\"true\" class=\"wp-block-spacer\"><\/div>\n\n\n\n<div class=\"wp-block-group text-container is-vertical is-layout-flex wp-container-core-group-is-layout-fe9cc265 wp-block-group-is-layout-flex\">\n<p><strong>Zawiera wszystko z \u201eSesji Klarowno\u015bci\u201d plus:<\/strong><\/p>\n\n\n\n<ul class=\"wp-block-list\">\n<li>Ci\u0105g\u0142o\u015b\u0107 pracy \u2014 regularne spotkania co 1\u20132 tygodnie<\/li>\n\n\n\n<li>Mo\u017cliwo\u015b\u0107 kontaktu mailowego mi\u0119dzy sesjami (np. gdy wydarzy si\u0119 co\u015b wa\u017cnego)<\/li>\n\n\n\n<li>Towarzyszenie w Twoim procesie podejmowania decyzji (czy zosta\u0107, czy odej\u015b\u0107)<\/li>\n\n\n\n<li>Przygotowanie emocjonalne do rozm\u00f3w z partnerem, prawnikiem, mediatorem \u2013 w Twoim tempie, wed\u0142ug Twoich potrzeb<\/li>\n\n\n\n<li>Obecno\u015b\u0107 przy planowaniu codzienno\u015bci w okresie kryzysu (dzieci, obowi\u0105zki, finanse)<\/li>\n<\/ul>\n\n\n\n<p><strong>Dla os\u00f3b, kt\u00f3re chc\u0105 przej\u015b\u0107 przez czas zmian z wi\u0119kszym spokojem<\/strong>, struktur\u0105 i poczuciem, \u017ce nie s\u0105 same.<\/p>\n\n\n\n<h3 class=\"text-xl md:text-2xl wp-block-mrblocks-generictext has-primary-color has-text-color has-link-color wp-elements-39c8bf582f8de66a52042dd129cecfaf\">Cena za 1 spotkanie przy zakupie pakietu: 400 z\u0142<\/h3>\n<\/div>\n<\/div>\n<\/div>\n\n\n<div class=\" spacing-top main-wrapper \" \/>\n<\/div>\n\n\n<div class=\"wp-block-columns gap-10 main-wrapper px-5 is-layout-flex wp-container-core-columns-is-layout-28f84493 wp-block-columns-is-layout-flex\">\n<div class=\"wp-block-column p-5 has-secondary-color has-text-color has-link-color wp-elements-c073a308a0f02bbf638715b524dbabab is-layout-flow wp-block-column-is-layout-flow\" style=\"box-shadow:var(--wp--preset--shadow--natural)\">\n<h2 class=\"text-xl md:text-2xl wp-block-mrblocks-generictext has-primary-color has-text-color has-link-color wp-elements-ee18cb5dacccfd265dadb99340ec90a1\">PAKIET TRANSFORMACJA<\/h2>\n\n\n\n<p>(6\u201312 sesji)<\/p>\n\n\n\n<div style=\"height:20px\" aria-hidden=\"true\" class=\"wp-block-spacer\"><\/div>\n\n\n\n<div class=\"wp-block-group text-container is-vertical is-layout-flex wp-container-core-group-is-layout-fe9cc265 wp-block-group-is-layout-flex\">\n<p><strong>Zawiera wszystko z \u201ePakietu Stabilno\u015b\u0107\u201d plus:<\/strong><\/p>\n\n\n\n<ul class=\"wp-block-list\">\n<li>Priorytetowy kontakt mi\u0119dzy sesjami (wiadomo\u015bci, kr\u00f3tkie rozmowy w nag\u0142ych sytuacjach w godzinach 8:00-17:00 poza weekendami)<\/li>\n\n\n\n<li>Towarzyszenie w sytuacjach kryzysowych \u2013 np. niespodziewane dzia\u0142ania by\u0142ego partnera, zmiany w ustaleniach co do dzieci<\/li>\n\n\n\n<li>Plan odbudowy nowej codzienno\u015bci po rozstaniu (\u017cycie rodzinne, osobiste, finansowe)<\/li>\n\n\n\n<li>Pomoc w stawianiu granic i ich utrzymaniu<\/li>\n\n\n\n<li>Wsparcie w procesie wychodzenia z poczucia chaosu i wchodzenia w poczucie sprawczo\u015bci<\/li>\n\n\n\n<li>Towarzyszenie w zaplanowaniu przysz\u0142o\u015bci<\/li>\n<\/ul>\n\n\n\n<p><strong>Dla os\u00f3b<\/strong>, <strong>kt\u00f3re chc\u0105 nie tylko przetrwa\u0107 rozstanie<\/strong>, ale te\u017c w pe\u0142ni u\u0142o\u017cy\u0107 \u017cycie po nim \u2014 z nowymi zasadami i bez chaosu.<\/p>\n\n\n\n<h3 class=\"text-xl md:text-2xl wp-block-mrblocks-generictext has-primary-color has-text-color has-link-color wp-elements-6a848c01fc593707c71124f8a14f5f1a\">Cena za 1 spotkanie przy zakupie pakietu: 600 z\u0142<\/h3>\n<\/div>\n<\/div>\n\n\n\n<div class=\"wp-block-column p-5 has-secondary-color has-text-color has-link-color wp-elements-d54b9ab838448325dbd2e82908477113 is-layout-flow wp-block-column-is-layout-flow\" style=\"box-shadow:var(--wp--preset--shadow--natural)\">\n<h2 class=\"text-xl md:text-2xl wp-block-mrblocks-generictext has-primary-color has-text-color has-link-color wp-elements-c49f4d0c2ea1e95e115cd1bd5d899e44\">PAKIET \u201eTOKSYCZNY\u201d PARTNER<\/h2>\n\n\n\n<p>(3\u20136 sesji)<\/p>\n\n\n\n<div style=\"height:20px\" aria-hidden=\"true\" class=\"wp-block-spacer\"><\/div>\n\n\n\n<div class=\"wp-block-group text-container is-vertical is-layout-flex wp-container-core-group-is-layout-fe9cc265 wp-block-group-is-layout-flex\">\n<p><strong>Zawiera wszystko z \u201ePakietu Transformacja\u201d plus:<\/strong><\/p>\n\n\n\n<ul class=\"wp-block-list\">\n<li>Analiza Twojej sytuacji pod k\u0105tem wzorc\u00f3w toksycznych zachowa\u0144 partnera \u2013 aby\u015b lepiej rozumia\u0142a, co si\u0119 dzieje, i mog\u0142a reagowa\u0107 w spos\u00f3b chroni\u0105cy Ciebie i Twoje dzieci<\/li>\n\n\n\n<li>Wsparcie w opracowaniu osobistego planu bezpiecze\u0144stwa (emocjonalnego i praktycznego) \u2013 np. jak reagowa\u0107 na ataki s\u0142owne, jak organizowa\u0107 przestrze\u0144 domow\u0105, jak minimalizowa\u0107 stres w kontakcie z partnerem<\/li>\n\n\n\n<li>Towarzyszenie w procesie odcinania si\u0119 od manipulacji, gaslightingu i poczucia winy<\/li>\n\n\n\n<li>Pomoc w odbudowie pewno\u015bci siebie, w\u0142asnych granic i niezale\u017cno\u015bci finansowej oraz emocjonalnej<\/li>\n\n\n\n<li>Wzmacnianie poczucia sprawczo\u015bci poprzez wsp\u00f3lne okre\u015blanie priorytet\u00f3w i ma\u0142ych, realnych krok\u00f3w<\/li>\n\n\n\n<li>Indywidualny harmonogram sesji dostosowany do Twoich potrzeb (mo\u017ce obejmowa\u0107 d\u0142u\u017csze lub cz\u0119stsze spotkania)<\/li>\n\n\n\n<li>Mo\u017cliwo\u015b\u0107 um\u00f3wienia dodatkowej sesji w sytuacjach nag\u0142ych, z priorytetowym ustaleniem najbli\u017cszego dost\u0119pnego terminu<\/li>\n<\/ul>\n\n\n\n<p><strong>Dla os\u00f3b, kt\u00f3re s\u0105 w relacjach rani\u0105cych, wyniszczaj\u0105cych lub w trakcie wychodzenia z nich. <\/strong>Dla tych, kt\u00f3rzy chc\u0105 odzyska\u0107 siebie, poczu\u0107 si\u0142\u0119 i przygotowa\u0107 si\u0119 na \u017cycie bez kontroli i l\u0119ku. Najbardziej rozbudowany program dla os\u00f3b, kt\u00f3re pozostaj\u0105 lub niedawno wysz\u0142y z relacji z partnerem stosuj\u0105cym manipulacj\u0119, przemoc emocjonaln\u0105 czy kontrol\u0119. To proces, w kt\u00f3rym jeste\u015b w pe\u0142ni wys\u0142uchana\/wys\u0142uchany i masz bezpieczne miejsce, by krok po kroku odbudowa\u0107 swoje \u017cycie i poczucie warto\u015bci.<\/p>\n\n\n\n<h3 class=\"text-xl md:text-2xl wp-block-mrblocks-generictext has-primary-color has-text-color has-link-color wp-elements-28d3dfc8652bd2871f1c92dd585af903\">Cena za 1 spotkanie przy zakupie pakietu: 700 z\u0142<\/h3>\n<\/div>\n<\/div>\n<\/div>\n<\/div>\n<\/section>\n","protected":false},"excerpt":{"rendered":"<p>Masz poczucie, \u017ce co\u015b w Waszej relacji si\u0119 wypala, a rozmowy ko\u0144cz\u0105 si\u0119 frustracj\u0105 lub milczeniem? Pomagam uporz\u0105dkowa\u0107 emocje, odbudowa\u0107 komunikacj\u0119 i podj\u0105\u0107 decyzje, kt\u00f3re b\u0119d\u0105 zgodne z Tob\u0105 \u2013 nie z cudzymi oczekiwaniami.<\/p>\n","protected":false},"author":1,"featured_media":89,"parent":6,"menu_order":0,"comment_status":"closed","ping_status":"closed","template":"","meta":{"footnotes":""},"class_list":["post-21","page","type-page","status-publish","has-post-thumbnail","hentry"],"_links":{"self":[{"href":"https:\/\/beefreelegally.com\/pl\/wp-json\/wp\/v2\/pages\/21","targetHints":{"allow":["GET"]}}],"collection":[{"href":"https:\/\/beefreelegally.com\/pl\/wp-json\/wp\/v2\/pages"}],"about":[{"href":"https:\/\/beefreelegally.com\/pl\/wp-json\/wp\/v2\/types\/page"}],"author":[{"embeddable":true,"href":"https:\/\/beefreelegally.com\/pl\/wp-json\/wp\/v2\/users\/1"}],"replies":[{"embeddable":true,"href":"https:\/\/beefreelegally.com\/pl\/wp-json\/wp\/v2\/comments?post=21"}],"version-history":[{"count":5,"href":"https:\/\/beefreelegally.com\/pl\/wp-json\/wp\/v2\/pages\/21\/revisions"}],"predecessor-version":[{"id":247,"href":"https:\/\/beefreelegally.com\/pl\/wp-json\/wp\/v2\/pages\/21\/revisions\/247"}],"up":[{"embeddable":true,"href":"https:\/\/beefreelegally.com\/pl\/wp-json\/wp\/v2\/pages\/6"}],"wp:featuredmedia":[{"embeddable":true,"href":"https:\/\/beefreelegally.com\/pl\/wp-json\/wp\/v2\/media\/89"}],"wp:attachment":[{"href":"https:\/\/beefreelegally.com\/pl\/wp-json\/wp\/v2\/media?parent=21"}],"curies":[{"name":"wp","href":"https:\/\/api.w.org\/{rel}","templated":true}]}}