{"id":19,"date":"2025-07-24T08:36:57","date_gmt":"2025-07-24T06:36:57","guid":{"rendered":"https:\/\/beefreelegally.com\/?page_id=19"},"modified":"2025-09-30T14:26:45","modified_gmt":"2025-09-30T12:26:45","slug":"coaching-rozwodowy","status":"publish","type":"page","link":"https:\/\/beefreelegally.com\/pl\/coaching\/coaching-rozwodowy\/","title":{"rendered":"Coaching rozwodowy"},"content":{"rendered":"\n<section class=\"wp-block-group main-wrapper intersect:animate-fade-up intersect:animate-delay-100 intersect-once animation-core is-layout-constrained wp-block-group-is-layout-constrained\" style=\"box-shadow:var(--wp--preset--shadow--natural)\">\n<div style=\"height:20px\" aria-hidden=\"true\" class=\"wp-block-spacer\"><\/div>\n\n\n<div style=\"background-color:  \" class=\"pt-26 \">\n  <div class=\"main-wrapper text-container gap-10  px-5 flex flex-col  md:grid md:grid-cols-2  relative  \">\n\n    <div class=\"flex   flex-col gap-5 sm:flex-row md:row-start-1 md:row-end-2  md:col-start-2 md:col-end-3\">\n      <div class=\"relative w-full mt-26 md:mt-0 \"><img decoding=\"async\" src=\"https:\/\/beefreelegally.com\/wp-content\/uploads\/2025\/07\/terapeuta-beefree.webp\" alt=\"BeeFreeLegally terapia\" class=\"intersect:animate-fade-up intersect:animate-delay-200 intersect:animate-duration-[500ms] animation-core intersect-once  max-w-full h-auto object-cover \" \/><img decoding=\"async\" src=\"https:\/\/beefreelegally.com\/wp-content\/uploads\/2025\/07\/bee-free-zmiana.webp\" alt=\"Bee free zmiana\" class=\"absolute top-0 object-cover w-full -translate-y-1\/2 right-5 h-34 max-w-56 sm:h-52 sm:max-w-80 intersect:animate-fade-left intersect:animate-delay-200 intersect:animate-duration-[500ms] animation-core intersect-once \" \/><\/div>\n\n    <\/div>\n    <div class=\"   md:row-start-1 md:row-end-2  md:col-start-1 md:col-end-2\">\n      \n\n<div class=\"wp-block-group is-vertical is-layout-flex wp-container-core-group-is-layout-fe9cc265 wp-block-group-is-layout-flex\">\n<h2 class=\"text-2xl md:text-3xl lg:text-4xl wp-block-mrblocks-generictext max-w-md has-primary-color has-text-color has-link-color wp-elements-7d2f0d1ac61a2f8c90cb1daff09dcfdf\">Coaching rozwodowy \u2013 oferta wsparcia i realne korzy\u015bci<\/h2>\n\n\n\n<p class=\"max-w-md\">Coaching rozwodowy to specjalistyczna pomoc dla os\u00f3b prze\u017cywaj\u0105cych rozw\u00f3d lub separacj\u0119 \u2014 skupiona na tera\u017aniejszo\u015bci i przysz\u0142o\u015bci. Nie zast\u0119puje terapii ani porady prawnej, lecz dzia\u0142a jako partnerka u Twojego boku: wspiera emocjonalnie, uczy, jak przeprowadzi\u0107 ten trudny proces z jasno\u015bci\u0105 i si\u0142\u0105 \u2013 krok po kroku.<\/p>\n\n\n\n<p><strong>Co robi coach rozwodowy?<\/strong><\/p>\n\n\n\n<ul class=\"wp-block-list has-secondary-color has-text-color has-link-color wp-elements-bfaefa2485b6f1fe78f5792ba08689fb\">\n<li><strong>Wsparcie emocjonalne<\/strong><br>Dajesz sobie prawo do \u017calu, z\u0142o\u015bci, l\u0119ku \u2014 coach pomaga nazwa\u0107 te emocje i prze\u0142o\u017cy\u0107 je na dzia\u0142anie, nie na parali\u017c decyzyjny.<\/li>\n\n\n\n<li><strong>Rozw\u00f3j osobisty i planowanie<\/strong><br>Budujesz strategi\u0119 dzia\u0142ania: jak prowadzi\u0107 rozmowy z partnerem, jak reagowa\u0107 w trudnych momentach, jak ustawia\u0107 granice i podejmowa\u0107 decyzje zgodnie ze swoimi celami.<\/li>\n\n\n\n<li><strong>Aspekty praktyczne<\/strong><br>Otrzymujesz wsparcie we wsp\u00f3\u0142pracy z prawnikiem, przygotowaniu planu opieki nad dzie\u0107mi, zarz\u0105dzaniu finansami i dokumentacj\u0105 \u2014 coach wspiera Ci\u0119 w efektywnym wykorzystaniu procesu prawnego i zasob\u00f3w.<\/li>\n\n\n\n<li><strong>Rozpocz\u0119cie nowego \u017cycia<\/strong><br>Pracujesz nad wizj\u0105 \u017cycia po rozwodzie, odzyskujesz to\u017csamo\u015b\u0107, okre\u015blasz nowe cele i uczysz si\u0119 je realizowa\u0107, zamiast dryfowa\u0107 w chaosie zmian.<\/li>\n\n\n\n<li><strong>Komunikacja z by\u0142ym partnerem<\/strong><\/li>\n<\/ul>\n\n\n\n<p><br>Je\u015bli macie dzieci, coach pomaga stworzy\u0107 model wsp\u00f3\u0142rodzicielstwa zgodny z potrzebami waszej rodziny i uczy komunikacji minimalizuj\u0105cej eskalacj\u0119 konfliktu<br>.<\/p>\n\n\n<a class=\"button-secondary \" href=\"\/kontakt\/\">\n  Bezp\u0142atna konsultacja<\/a><\/div>\n\n    <\/div>\n    <div> <\/div>\n  <\/div>\n\n<\/div>\n\n\n<div style=\"height:20px\" aria-hidden=\"true\" class=\"wp-block-spacer\"><\/div>\n<\/section>\n\n\n<div class=\" spacing-top main-wrapper \" \/>\n<\/div>\n\n\n<section class=\"wp-block-group is-layout-constrained wp-block-group-is-layout-constrained\">\n<div class=\"wp-block-columns main-wrapper px-5 gap-10 text-container is-layout-flex wp-container-core-columns-is-layout-28f84493 wp-block-columns-is-layout-flex\">\n<div class=\"wp-block-column is-layout-flow wp-block-column-is-layout-flow\">\n<h2 class=\"text-2xl md:text-3xl lg:text-4xl wp-block-mrblocks-generictext has-primary-color has-text-color has-link-color wp-elements-45b7d1709b2a22a94c4bd2c62ebeaacb\">Problemy, z kt\u00f3rymi ludzie cz\u0119sto si\u0119 zg\u0142aszaj\u0105:<\/h2>\n<\/div>\n\n\n\n<div class=\"wp-block-column is-layout-flow wp-block-column-is-layout-flow\">\n<ul class=\"wp-block-list has-secondary-color has-text-color has-link-color wp-elements-d4ae8c33c9f8aceab5e6c1c48c992331\">\n<li>Prze\u017cywaj\u0105 chaos emocjonalny: smutek, z\u0142o\u015b\u0107, strach, kt\u00f3re uniemo\u017cliwiaj\u0105 podejmowanie racjonalnych decyzji.<\/li>\n\n\n\n<li>Zmagaj\u0105 si\u0119 z konfliktem z partnerem, zw\u0142aszcza podczas mediacji lub na sali s\u0105dowej.<\/li>\n\n\n\n<li>Maj\u0105 trudno\u015bci z organizacj\u0105 \u017cycia: finanse, opieka, obowi\u0105zki w nowej rzeczywisto\u015bci.<\/li>\n\n\n\n<li>Czuj\u0105 izolacj\u0119, niepewno\u015b\u0107 i spadek poczucia w\u0142asnej warto\u015bci.<\/li>\n\n\n\n<li>Nie wiedz\u0105, jak przygotowa\u0107 si\u0119 do nowego etapu: zawodowego, samodzielno\u015bci, bycia singlem lub samotnym rodzicem.<\/li>\n<\/ul>\n<\/div>\n<\/div>\n<\/section>\n\n\n<div class=\" spacing-top main-wrapper \" \/>\n<\/div>\n\n\n<section class=\"wp-block-group is-layout-constrained wp-block-group-is-layout-constrained\">\n<div class=\"wp-block-columns main-wrapper px-5 gap-10 text-container is-layout-flex wp-container-core-columns-is-layout-28f84493 wp-block-columns-is-layout-flex\">\n<div class=\"wp-block-column is-layout-flow wp-block-column-is-layout-flow\">\n<h2 class=\"text-2xl md:text-3xl lg:text-4xl wp-block-mrblocks-generictext has-primary-color has-text-color has-link-color wp-elements-d9acc25a41b7ebf2adacacaa66f5d071\">Korzy\u015bci, kt\u00f3re mo\u017cesz zyska\u0107 dzi\u0119ki coachingowi rozwodowemu<br><\/h2>\n\n\n\n<figure class=\"wp-block-table is-style-stripes\"><table class=\"has-primary-color has-text-color has-link-color has-fixed-layout\"><thead><tr><td> <strong>Twoje wyzwanie<\/strong><\/td><td> <strong>Co zyskujesz dzi\u0119ki coachingowi<\/strong><\/td><\/tr><\/thead><tbody><tr><td>Emocjonalny chaos i poczucie bezsilno\u015bci<\/td><td>Jasno\u015b\u0107 emocjonalna: przestajesz my\u015ble\u0107 z l\u0119ku, zaczynasz dzia\u0142a\u0107 \u015bwiadomie.<\/td><\/tr><tr><td>Konflikt z partnerem i brak radzenia z trudn\u0105 komunikacj\u0105<\/td><td>Uczysz si\u0119 asertywno\u015bci i konstruktywnej konfrontacji, ograniczasz eskalacj\u0119 konflikt\u00f3w.<\/td><\/tr><tr><td>Strach o dzieci i brak strategii wsp\u00f3\u0142rodzicielskiej<\/td><td>Zyskujesz jasny plan wsp\u00f3\u0142rodzicielstwa chroni\u0105cy dzieci przed chaosem i limitem emocji.<\/td><\/tr><tr><td>Niepewno\u015b\u0107 co do przysz\u0142o\u015bci i w\u0142asnej to\u017csamo\u015bci<\/td><td>Budujesz nowy plan \u017cycia i odzyskujesz wp\u0142yw na sw\u00f3j rozw\u00f3j osobisty i zawodowy.<\/td><\/tr><tr><td>Obawy przed kosztami procesu i d\u0142ugim s\u0105dzeniem<\/td><td>Coaching mo\u017ce skr\u00f3ci\u0107 i usprawni\u0107 proces dzi\u0119ki lepszej przygotowaniu i wsp\u00f3\u0142pracy z prawnikiem.<\/td><\/tr><\/tbody><\/table><\/figure>\n<\/div>\n<\/div>\n\n\n\n<p><\/p>\n\n\n<div class=\" spacing-top main-wrapper \" \/>\n<\/div>\n\n\n<div class=\"wp-block-columns main-wrapper px-5 gap-10 text-container is-layout-flex wp-container-core-columns-is-layout-28f84493 wp-block-columns-is-layout-flex\">\n<div class=\"wp-block-column is-layout-flow wp-block-column-is-layout-flow\">\n<h2 class=\"text-2xl md:text-3xl lg:text-4xl wp-block-mrblocks-generictext has-primary-color has-text-color has-link-color wp-elements-e2f029c0aa2f5279cf74afd2b67967fe\">Jak wygl\u0105da wsp\u00f3\u0142praca?<\/h2>\n\n\n\n<p><strong>To nie jest terapia ci\u0105gn\u0105ca si\u0119 latami<\/strong>. Wsp\u00f3\u0142praca trwa tyle, ile potrzebujesz \u2013 czasem wystarczy jedna lub kilka sesji, aby nabra\u0107 jasno\u015bci, podj\u0105\u0107 decyzj\u0119 lub nauczy\u0107 si\u0119 nowych sposob\u00f3w rozmowy i reagowania. Ty decydujesz, jak cz\u0119sto spotykamy si\u0119 i w jakiej formie \u2013 moim zadaniem jest dopasowa\u0107 si\u0119 do Twoich realnych potrzeb.<\/p>\n\n\n\n<p><br><strong>Nie musisz ju\u017c d\u0142u\u017cej udawa\u0107, \u017ce wszystko gra.<\/strong><br>Zr\u00f3b pierwszy krok w stron\u0119 relacji, kt\u00f3ra b\u0119dzie Ci s\u0142u\u017cy\u0107. Takiej, w kt\u00f3rej naprawd\u0119 jeste\u015b sob\u0105.<\/p>\n<\/div>\n<\/div>\n\n\n<div class=\" spacing-top main-wrapper \" \/>\n<\/div>\n\n\n<div class=\"wp-block-group is-layout-flow wp-block-group-is-layout-flow\">\n<div class=\"wp-block-columns gap-10 main-wrapper px-5 is-layout-flex wp-container-core-columns-is-layout-28f84493 wp-block-columns-is-layout-flex\">\n<div class=\"wp-block-column p-5 has-secondary-color has-text-color has-link-color wp-elements-f8aab4ea517a1a0893a42181cecaf12d is-layout-flow wp-block-column-is-layout-flow\" style=\"box-shadow:var(--wp--preset--shadow--natural)\">\n<h2 class=\"text-xl md:text-2xl wp-block-mrblocks-generictext has-primary-color has-text-color has-link-color wp-elements-ef6265ce7c10c3723d4f1be823e3bed2\">SESJA KLAROWNO\u015aCI<\/h2>\n\n\n\n<p>(pojedyncza sesja 60 min)<\/p>\n\n\n\n<div style=\"height:20px\" aria-hidden=\"true\" class=\"wp-block-spacer\"><\/div>\n\n\n\n<div class=\"wp-block-group text-container is-vertical is-layout-flex wp-container-core-group-is-layout-fe9cc265 wp-block-group-is-layout-flex\">\n<p><strong>Co zawiera:<\/strong><\/p>\n\n\n\n<ul class=\"wp-block-list\">\n<li>Indywidualne, bezpieczne spotkanie 1:1 (60 minut, online lub stacjonarnie)<\/li>\n\n\n\n<li>Przestrze\u0144, w kt\u00f3rej mo\u017cesz powiedzie\u0107 wszystko bez oceny i presji<\/li>\n\n\n\n<li>Pomoc w uporz\u0105dkowaniu my\u015bli i emocji \u201etu i teraz\u201d<\/li>\n\n\n\n<li>Nazwanie kluczowego wyzwania lub pytania, z kt\u00f3rym przychodzisz<\/li>\n\n\n\n<li>Odkrycie pierwszego, mo\u017cliwego do zrobienia kroku<\/li>\n\n\n\n<li>Mailowe podsumowanie z zapisaniem najwa\u017cniejszych wniosk\u00f3w<\/li>\n<\/ul>\n\n\n\n<p><strong>Dla os\u00f3b<\/strong>, <strong>kt\u00f3re czuj\u0105, \u017ce utkn\u0119\u0142y<\/strong>, potrzebuj\u0105 nazwa\u0107 problem lub podj\u0105\u0107 decyzj\u0119, a chc\u0105 to zrobi\u0107 w obecno\u015bci osoby wspieraj\u0105cej.<\/p>\n\n\n\n<h3 class=\"text-xl md:text-2xl wp-block-mrblocks-generictext has-primary-color has-text-color has-link-color wp-elements-76eb303deef749b5414e33bc5484ae3f\">Cena: 500 z\u0142<\/h3>\n<\/div>\n<\/div>\n\n\n\n<div class=\"wp-block-column p-5 has-secondary-color has-text-color has-link-color wp-elements-6e8867b3b17ccf201b8a61df3c628744 is-layout-flow wp-block-column-is-layout-flow\" style=\"box-shadow:var(--wp--preset--shadow--natural)\">\n<h2 class=\"text-xl md:text-2xl wp-block-mrblocks-generictext has-primary-color has-text-color has-link-color wp-elements-6c1adc0ac66badab495a91032db47c6c\">PAKIET STABILNO\u015a\u0106<\/h2>\n\n\n\n<p>(3\u20136 sesji)<\/p>\n\n\n\n<div style=\"height:20px\" aria-hidden=\"true\" class=\"wp-block-spacer\"><\/div>\n\n\n\n<div class=\"wp-block-group text-container is-vertical is-layout-flex wp-container-core-group-is-layout-fe9cc265 wp-block-group-is-layout-flex\">\n<p><strong>Zawiera wszystko z \u201eSesji Klarowno\u015bci\u201d plus:<\/strong><\/p>\n\n\n\n<ul class=\"wp-block-list\">\n<li>Ci\u0105g\u0142o\u015b\u0107 pracy \u2014 regularne spotkania co 1\u20132 tygodnie<\/li>\n\n\n\n<li>Mo\u017cliwo\u015b\u0107 kontaktu mailowego mi\u0119dzy sesjami (np. gdy wydarzy si\u0119 co\u015b wa\u017cnego)<\/li>\n\n\n\n<li>Towarzyszenie w Twoim procesie podejmowania decyzji (czy zosta\u0107, czy odej\u015b\u0107)<\/li>\n\n\n\n<li>Przygotowanie emocjonalne do rozm\u00f3w z partnerem, prawnikiem, mediatorem \u2013 w Twoim tempie, wed\u0142ug Twoich potrzeb<\/li>\n\n\n\n<li>Obecno\u015b\u0107 przy planowaniu codzienno\u015bci w okresie kryzysu (dzieci, obowi\u0105zki, finanse)<\/li>\n<\/ul>\n\n\n\n<p><strong>Dla os\u00f3b, kt\u00f3re chc\u0105 przej\u015b\u0107 przez czas zmian z wi\u0119kszym spokojem<\/strong>, struktur\u0105 i poczuciem, \u017ce nie s\u0105 same.<\/p>\n\n\n\n<h3 class=\"text-xl md:text-2xl wp-block-mrblocks-generictext has-primary-color has-text-color has-link-color wp-elements-39c8bf582f8de66a52042dd129cecfaf\">Cena za 1 spotkanie przy zakupie pakietu: 400 z\u0142<\/h3>\n<\/div>\n<\/div>\n<\/div>\n\n\n<div class=\" spacing-top main-wrapper \" \/>\n<\/div>\n\n\n<div class=\"wp-block-columns gap-10 main-wrapper px-5 is-layout-flex wp-container-core-columns-is-layout-28f84493 wp-block-columns-is-layout-flex\">\n<div class=\"wp-block-column p-5 has-secondary-color has-text-color has-link-color wp-elements-c073a308a0f02bbf638715b524dbabab is-layout-flow wp-block-column-is-layout-flow\" style=\"box-shadow:var(--wp--preset--shadow--natural)\">\n<h2 class=\"text-xl md:text-2xl wp-block-mrblocks-generictext has-primary-color has-text-color has-link-color wp-elements-ee18cb5dacccfd265dadb99340ec90a1\">PAKIET TRANSFORMACJA<\/h2>\n\n\n\n<p>(6\u201312 sesji)<\/p>\n\n\n\n<div style=\"height:20px\" aria-hidden=\"true\" class=\"wp-block-spacer\"><\/div>\n\n\n\n<div class=\"wp-block-group text-container is-vertical is-layout-flex wp-container-core-group-is-layout-fe9cc265 wp-block-group-is-layout-flex\">\n<p><strong>Zawiera wszystko z \u201ePakietu Stabilno\u015b\u0107\u201d plus:<\/strong><\/p>\n\n\n\n<ul class=\"wp-block-list\">\n<li>Priorytetowy kontakt mi\u0119dzy sesjami (wiadomo\u015bci, kr\u00f3tkie rozmowy w nag\u0142ych sytuacjach w godzinach 8:00-17:00 poza weekendami)<\/li>\n\n\n\n<li>Towarzyszenie w sytuacjach kryzysowych \u2013 np. niespodziewane dzia\u0142ania by\u0142ego partnera, zmiany w ustaleniach co do dzieci<\/li>\n\n\n\n<li>Plan odbudowy nowej codzienno\u015bci po rozstaniu (\u017cycie rodzinne, osobiste, finansowe)<\/li>\n\n\n\n<li>Pomoc w stawianiu granic i ich utrzymaniu<\/li>\n\n\n\n<li>Wsparcie w procesie wychodzenia z poczucia chaosu i wchodzenia w poczucie sprawczo\u015bci<\/li>\n\n\n\n<li>Towarzyszenie w zaplanowaniu przysz\u0142o\u015bci<\/li>\n<\/ul>\n\n\n\n<p><strong>Dla os\u00f3b<\/strong>, <strong>kt\u00f3re chc\u0105 nie tylko przetrwa\u0107 rozstanie<\/strong>, ale te\u017c w pe\u0142ni u\u0142o\u017cy\u0107 \u017cycie po nim \u2014 z nowymi zasadami i bez chaosu.<\/p>\n\n\n\n<h3 class=\"text-xl md:text-2xl wp-block-mrblocks-generictext has-primary-color has-text-color has-link-color wp-elements-6a848c01fc593707c71124f8a14f5f1a\">Cena za 1 spotkanie przy zakupie pakietu: 600 z\u0142<\/h3>\n<\/div>\n<\/div>\n\n\n\n<div class=\"wp-block-column p-5 has-secondary-color has-text-color has-link-color wp-elements-d54b9ab838448325dbd2e82908477113 is-layout-flow wp-block-column-is-layout-flow\" style=\"box-shadow:var(--wp--preset--shadow--natural)\">\n<h2 class=\"text-xl md:text-2xl wp-block-mrblocks-generictext has-primary-color has-text-color has-link-color wp-elements-c49f4d0c2ea1e95e115cd1bd5d899e44\">PAKIET \u201eTOKSYCZNY\u201d PARTNER<\/h2>\n\n\n\n<p>(3\u20136 sesji)<\/p>\n\n\n\n<div style=\"height:20px\" aria-hidden=\"true\" class=\"wp-block-spacer\"><\/div>\n\n\n\n<div class=\"wp-block-group text-container is-vertical is-layout-flex wp-container-core-group-is-layout-fe9cc265 wp-block-group-is-layout-flex\">\n<p><strong>Zawiera wszystko z \u201ePakietu Transformacja\u201d plus:<\/strong><\/p>\n\n\n\n<ul class=\"wp-block-list\">\n<li>Analiza Twojej sytuacji pod k\u0105tem wzorc\u00f3w toksycznych zachowa\u0144 partnera \u2013 aby\u015b lepiej rozumia\u0142a, co si\u0119 dzieje, i mog\u0142a reagowa\u0107 w spos\u00f3b chroni\u0105cy Ciebie i Twoje dzieci<\/li>\n\n\n\n<li>Wsparcie w opracowaniu osobistego planu bezpiecze\u0144stwa (emocjonalnego i praktycznego) \u2013 np. jak reagowa\u0107 na ataki s\u0142owne, jak organizowa\u0107 przestrze\u0144 domow\u0105, jak minimalizowa\u0107 stres w kontakcie z partnerem<\/li>\n\n\n\n<li>Towarzyszenie w procesie odcinania si\u0119 od manipulacji, gaslightingu i poczucia winy<\/li>\n\n\n\n<li>Pomoc w odbudowie pewno\u015bci siebie, w\u0142asnych granic i niezale\u017cno\u015bci finansowej oraz emocjonalnej<\/li>\n\n\n\n<li>Wzmacnianie poczucia sprawczo\u015bci poprzez wsp\u00f3lne okre\u015blanie priorytet\u00f3w i ma\u0142ych, realnych krok\u00f3w<\/li>\n\n\n\n<li>Indywidualny harmonogram sesji dostosowany do Twoich potrzeb (mo\u017ce obejmowa\u0107 d\u0142u\u017csze lub cz\u0119stsze spotkania)<\/li>\n\n\n\n<li>Mo\u017cliwo\u015b\u0107 um\u00f3wienia dodatkowej sesji w sytuacjach nag\u0142ych, z priorytetowym ustaleniem najbli\u017cszego dost\u0119pnego terminu<\/li>\n<\/ul>\n\n\n\n<p><strong>Dla os\u00f3b, kt\u00f3re s\u0105 w relacjach rani\u0105cych, wyniszczaj\u0105cych lub w trakcie wychodzenia z nich. <\/strong>Dla tych, kt\u00f3rzy chc\u0105 odzyska\u0107 siebie, poczu\u0107 si\u0142\u0119 i przygotowa\u0107 si\u0119 na \u017cycie bez kontroli i l\u0119ku. Najbardziej rozbudowany program dla os\u00f3b, kt\u00f3re pozostaj\u0105 lub niedawno wysz\u0142y z relacji z partnerem stosuj\u0105cym manipulacj\u0119, przemoc emocjonaln\u0105 czy kontrol\u0119. To proces, w kt\u00f3rym jeste\u015b w pe\u0142ni wys\u0142uchana\/wys\u0142uchany i masz bezpieczne miejsce, by krok po kroku odbudowa\u0107 swoje \u017cycie i poczucie warto\u015bci.<\/p>\n\n\n\n<h3 class=\"text-xl md:text-2xl wp-block-mrblocks-generictext has-primary-color has-text-color has-link-color wp-elements-28d3dfc8652bd2871f1c92dd585af903\">Cena za 1 spotkanie przy zakupie pakietu: 700 z\u0142<\/h3>\n<\/div>\n<\/div>\n<\/div>\n<\/div>\n<\/section>\n\n\n\n<p><\/p>\n","protected":false},"excerpt":{"rendered":"<p>Jeste\u015b w trakcie rozwodu lub ju\u017c po \u2013 ale emocje, decyzje i codzienno\u015b\u0107 nadal Ci\u0119 przyt\u0142aczaj\u0105? Pomog\u0119 Ci odzyska\u0107 spok\u00f3j, wyznaczy\u0107 granice i stworzy\u0107 plan na nowy etap \u017cycia \u2013 bez chaosu i poczucia winy.<\/p>\n","protected":false},"author":1,"featured_media":90,"parent":6,"menu_order":0,"comment_status":"closed","ping_status":"closed","template":"","meta":{"footnotes":""},"class_list":["post-19","page","type-page","status-publish","has-post-thumbnail","hentry"],"_links":{"self":[{"href":"https:\/\/beefreelegally.com\/pl\/wp-json\/wp\/v2\/pages\/19","targetHints":{"allow":["GET"]}}],"collection":[{"href":"https:\/\/beefreelegally.com\/pl\/wp-json\/wp\/v2\/pages"}],"about":[{"href":"https:\/\/beefreelegally.com\/pl\/wp-json\/wp\/v2\/types\/page"}],"author":[{"embeddable":true,"href":"https:\/\/beefreelegally.com\/pl\/wp-json\/wp\/v2\/users\/1"}],"replies":[{"embeddable":true,"href":"https:\/\/beefreelegally.com\/pl\/wp-json\/wp\/v2\/comments?post=19"}],"version-history":[{"count":5,"href":"https:\/\/beefreelegally.com\/pl\/wp-json\/wp\/v2\/pages\/19\/revisions"}],"predecessor-version":[{"id":248,"href":"https:\/\/beefreelegally.com\/pl\/wp-json\/wp\/v2\/pages\/19\/revisions\/248"}],"up":[{"embeddable":true,"href":"https:\/\/beefreelegally.com\/pl\/wp-json\/wp\/v2\/pages\/6"}],"wp:featuredmedia":[{"embeddable":true,"href":"https:\/\/beefreelegally.com\/pl\/wp-json\/wp\/v2\/media\/90"}],"wp:attachment":[{"href":"https:\/\/beefreelegally.com\/pl\/wp-json\/wp\/v2\/media?parent=19"}],"curies":[{"name":"wp","href":"https:\/\/api.w.org\/{rel}","templated":true}]}}