{"id":15,"date":"2025-07-24T08:36:30","date_gmt":"2025-07-24T06:36:30","guid":{"rendered":"https:\/\/beefreelegally.com\/?page_id=15"},"modified":"2025-09-04T11:37:21","modified_gmt":"2025-09-04T09:37:21","slug":"faq","status":"publish","type":"page","link":"https:\/\/beefreelegally.com\/pl\/faq\/","title":{"rendered":"FAQ"},"content":{"rendered":"\n<div class=\"wp-block-group has-secondary-color has-text-color has-link-color wp-elements-d5021ec77e9b836248516417aa3e9108 is-layout-flow wp-block-group-is-layout-flow\"><div class=\" spacing-top main-wrapper \" \/>\n<\/div>\n\n\n<section class=\"wp-block-group main-wrapper p-5 is-layout-constrained wp-block-group-is-layout-constrained\" style=\"box-shadow:var(--wp--preset--shadow--natural)\">\n<h2 class=\"text-3xl md:text-4xl lg:text-5xl wp-block-mrblocks-generictext intersect:animate-fade-up intersect:animate-delay-100 intersect-once animation-core\"><strong>FAQ<\/strong> &#8211; o to najcz\u0119\u015bciej pytaj\u0105 nasi Klienci<\/h2>\n\n\n\n<div style=\"height:50px\" aria-hidden=\"true\" class=\"wp-block-spacer\"><\/div>\n\n\n<div style=\"background-color: #ffffff00\" class=\"w-full self-stretch   py-2  xl:border-none dark:bg-purpleOnyx text-secondary intersect:animate-fade-up intersect:animate-delay-100 intersect-once animation-core\">\n  <div class=\"flex items-center justify-between gap-8 cursor-pointer sm:max-w-none faq-item\">\n    <h3 class=\"text-xl sm:text-2xl \">Czy coaching rozwodowy to przypadkiem nie to samo co terapia? <\/h3><svg xmlns=\"http:\/\/www.w3.org\/2000\/svg\" width=\"32\" height=\"32\" class=\"duration-300 fill-secondary min-w-min\" viewBox=\"0 0 16 16\">\n      <path\n        fill-rule=\"evenodd\"\n        d=\"M4.646 1.646a.5.5 0 0 1 .708 0l6 6a.5.5 0 0 1 0 .708l-6 6a.5.5 0 0 1-.708-.708L10.293 8 4.646 2.354a.5.5 0 0 1 0-.708\" \/>\n    <\/svg>\n  <\/div>\n  <div class=\"pt-0 overflow-hidden duration-300 max-h-0\">\n    \n\n<p>NIE. Coaching rozwodowy nie si\u0119ga do przesz\u0142o\u015bci. W pracy skupiamy si\u0119 na pr\u00f3bie pouk\u0142adania rzeczywisto\u015bci na teraz i na przysz\u0142o\u015b\u0107.<\/p>\n\n  <\/div>\n\n<\/div>\n\n<script type=\"application\/ld+json\" class=\"faq-schema-item\">\n  {\n    \"@type\": \"Question\",\n    \"name\": \"Czy coaching rozwodowy to przypadkiem nie to samo co terapia?\",\n    \"acceptedAnswer\": {\n      \"@type\": \"Answer\",\n      \"text\": \"\\n\\n&lt;p&gt;NIE. Coaching rozwodowy nie si\u0119ga do przesz\u0142o\u015bci. W pracy skupiamy si\u0119 na pr\u00f3bie pouk\u0142adania rzeczywisto\u015bci na teraz i na przysz\u0142o\u015b\u0107.&lt;\/p&gt;\\n\\n\"\n    }\n  }\n<\/script>\n\n\n<div style=\"height:20px\" aria-hidden=\"true\" class=\"wp-block-spacer\"><\/div>\n\n\n<div style=\"background-color: #ffffff00\" class=\"w-full self-stretch   py-2  xl:border-none dark:bg-purpleOnyx text-secondary intersect:animate-fade-up intersect:animate-delay-100 intersect-once animation-core\">\n  <div class=\"flex items-center justify-between gap-8 cursor-pointer sm:max-w-none faq-item\">\n    <h3 class=\"text-xl sm:text-2xl \">Czy coach rozwodowy to kto\u015b kto b\u0119dzie dawa\u0107 rady i poucza\u0107 mnie? <\/h3><svg xmlns=\"http:\/\/www.w3.org\/2000\/svg\" width=\"32\" height=\"32\" class=\"duration-300 fill-secondary min-w-min\" viewBox=\"0 0 16 16\">\n      <path\n        fill-rule=\"evenodd\"\n        d=\"M4.646 1.646a.5.5 0 0 1 .708 0l6 6a.5.5 0 0 1 0 .708l-6 6a.5.5 0 0 1-.708-.708L10.293 8 4.646 2.354a.5.5 0 0 1 0-.708\" \/>\n    <\/svg>\n  <\/div>\n  <div class=\"pt-0 overflow-hidden duration-300 max-h-0\">\n    \n\n<p>NIE. W trudnym emocjonalnie czasie wiele os\u00f3b ma do\u015b\u0107 rad i oczekuje, \u017ce kto\u015b wreszcie ich wys\u0142ucha, nie pr\u00f3buj\u0105c przej\u0105\u0107 kontroli nad ich \u017cyciem.<br>Coach nie daje gotowych odpowiedzi &#8211; pomaga Ci znale\u017a\u0107 Twoje w\u0142asne<\/p>\n\n  <\/div>\n\n<\/div>\n\n<script type=\"application\/ld+json\" class=\"faq-schema-item\">\n  {\n    \"@type\": \"Question\",\n    \"name\": \"Czy coach rozwodowy to kto\u015b kto b\u0119dzie dawa\u0107 rady i poucza\u0107 mnie?\",\n    \"acceptedAnswer\": {\n      \"@type\": \"Answer\",\n      \"text\": \"\\n\\n&lt;p&gt;NIE. W trudnym emocjonalnie czasie wiele os\u00f3b ma do\u015b\u0107 rad i oczekuje, \u017ce kto\u015b wreszcie ich wys\u0142ucha, nie pr\u00f3buj\u0105c przej\u0105\u0107 kontroli nad ich \u017cyciem.&lt;br&gt;Coach nie daje gotowych odpowiedzi - pomaga Ci znale\u017a\u0107 Twoje w\u0142asne&lt;\/p&gt;\\n\\n\"\n    }\n  }\n<\/script>\n\n\n<div style=\"height:20px\" aria-hidden=\"true\" class=\"wp-block-spacer\"><\/div>\n\n\n<div style=\"background-color: #ffffff00\" class=\"w-full self-stretch   py-2  xl:border-none dark:bg-purpleOnyx text-secondary intersect:animate-fade-up intersect:animate-delay-100 intersect-once animation-core\">\n  <div class=\"flex items-center justify-between gap-8 cursor-pointer sm:max-w-none faq-item\">\n    <h3 class=\"text-xl sm:text-2xl \">Czy coach rozwodowy namawia do rozwodu lub przekonuje innych do<br>niego? <\/h3><svg xmlns=\"http:\/\/www.w3.org\/2000\/svg\" width=\"32\" height=\"32\" class=\"duration-300 fill-secondary min-w-min\" viewBox=\"0 0 16 16\">\n      <path\n        fill-rule=\"evenodd\"\n        d=\"M4.646 1.646a.5.5 0 0 1 .708 0l6 6a.5.5 0 0 1 0 .708l-6 6a.5.5 0 0 1-.708-.708L10.293 8 4.646 2.354a.5.5 0 0 1 0-.708\" \/>\n    <\/svg>\n  <\/div>\n  <div class=\"pt-0 overflow-hidden duration-300 max-h-0\">\n    \n\n<p>Absolutnie NIE. Coach rozwodowy razem z klientem poszukuje w\u0142a\u015bciwego dla niego rozwi\u0105zania trudnej sytuacji. Nierzadko jest nim pozostanie w relacji przy nieznacznej modyfikacji panuj\u0105cych tam zasad.<\/p>\n\n  <\/div>\n\n<\/div>\n\n<script type=\"application\/ld+json\" class=\"faq-schema-item\">\n  {\n    \"@type\": \"Question\",\n    \"name\": \"Czy coach rozwodowy namawia do rozwodu lub przekonuje innych do&lt;br&gt;niego?\",\n    \"acceptedAnswer\": {\n      \"@type\": \"Answer\",\n      \"text\": \"\\n\\n&lt;p&gt;Absolutnie NIE. Coach rozwodowy razem z klientem poszukuje w\u0142a\u015bciwego dla niego rozwi\u0105zania trudnej sytuacji. Nierzadko jest nim pozostanie w relacji przy nieznacznej modyfikacji panuj\u0105cych tam zasad.&lt;\/p&gt;\\n\\n\"\n    }\n  }\n<\/script>\n\n\n<div style=\"height:20px\" aria-hidden=\"true\" class=\"wp-block-spacer\"><\/div>\n\n\n<div style=\"background-color: #ffffff00\" class=\"w-full self-stretch   py-2  xl:border-none dark:bg-purpleOnyx text-secondary intersect:animate-fade-up intersect:animate-delay-100 intersect-once animation-core\">\n  <div class=\"flex items-center justify-between gap-8 cursor-pointer sm:max-w-none faq-item\">\n    <h3 class=\"text-xl sm:text-2xl \">Dlaczego podczas rozwodu mia\u0142abym wydawa\u0107 pieni\u0105dze na coaching? Od wsparcia mam przecie\u017c przyjaci\u00f3\u0142ki! <\/h3><svg xmlns=\"http:\/\/www.w3.org\/2000\/svg\" width=\"32\" height=\"32\" class=\"duration-300 fill-secondary min-w-min\" viewBox=\"0 0 16 16\">\n      <path\n        fill-rule=\"evenodd\"\n        d=\"M4.646 1.646a.5.5 0 0 1 .708 0l6 6a.5.5 0 0 1 0 .708l-6 6a.5.5 0 0 1-.708-.708L10.293 8 4.646 2.354a.5.5 0 0 1 0-.708\" \/>\n    <\/svg>\n  <\/div>\n  <div class=\"pt-0 overflow-hidden duration-300 max-h-0\">\n    \n\n<p>Pieni\u0105dze &#8222;zaoszcz\u0119dzone&#8221; na coachingu i tak wydasz, ale na d\u0142ug\u0105 batali\u0119 w s\u0105dzie oraz terapi\u0119 po niej. Zamiast tego mo\u017cesz ju\u017c na<br>samym pocz\u0105tku zadba\u0107 o to, by zako\u0144czy\u0107 zwi\u0105zek i ruszy\u0107 dalej.<\/p>\n\n  <\/div>\n\n<\/div>\n\n<script type=\"application\/ld+json\" class=\"faq-schema-item\">\n  {\n    \"@type\": \"Question\",\n    \"name\": \"Dlaczego podczas rozwodu mia\u0142abym wydawa\u0107 pieni\u0105dze na coaching? Od wsparcia mam przecie\u017c przyjaci\u00f3\u0142ki!\",\n    \"acceptedAnswer\": {\n      \"@type\": \"Answer\",\n      \"text\": \"\\n\\n&lt;p&gt;Pieni\u0105dze &quot;zaoszcz\u0119dzone&quot; na coachingu i tak wydasz, ale na d\u0142ug\u0105 batali\u0119 w s\u0105dzie oraz terapi\u0119 po niej. Zamiast tego mo\u017cesz ju\u017c na&lt;br&gt;samym pocz\u0105tku zadba\u0107 o to, by zako\u0144czy\u0107 zwi\u0105zek i ruszy\u0107 dalej.&lt;\/p&gt;\\n\\n\"\n    }\n  }\n<\/script>\n\n\n<div style=\"height:20px\" aria-hidden=\"true\" class=\"wp-block-spacer\"><\/div>\n\n\n<div style=\"background-color: #ffffff00\" class=\"w-full self-stretch   py-2  xl:border-none dark:bg-purpleOnyx text-secondary intersect:animate-fade-up intersect:animate-delay-100 intersect-once animation-core\">\n  <div class=\"flex items-center justify-between gap-8 cursor-pointer sm:max-w-none faq-item\">\n    <h3 class=\"text-xl sm:text-2xl \">Dlaczego coach rozwodowy nie daje rad klientom? <\/h3><svg xmlns=\"http:\/\/www.w3.org\/2000\/svg\" width=\"32\" height=\"32\" class=\"duration-300 fill-secondary min-w-min\" viewBox=\"0 0 16 16\">\n      <path\n        fill-rule=\"evenodd\"\n        d=\"M4.646 1.646a.5.5 0 0 1 .708 0l6 6a.5.5 0 0 1 0 .708l-6 6a.5.5 0 0 1-.708-.708L10.293 8 4.646 2.354a.5.5 0 0 1 0-.708\" \/>\n    <\/svg>\n  <\/div>\n  <div class=\"pt-0 overflow-hidden duration-300 max-h-0\">\n    \n\n<p>Poniewa\u017c on nie zna rozwi\u0105zania pasuj\u0105cego do klienta &#8211; to klient jest w jego posiadaniu. Dzi\u0119ki zmianie perspektywy i spojrzenia na sytuacj\u0119 klient sam odkrywa co w jego sytuacji b\u0119dzie najlepsze.<\/p>\n\n  <\/div>\n\n<\/div>\n\n<script type=\"application\/ld+json\" class=\"faq-schema-item\">\n  {\n    \"@type\": \"Question\",\n    \"name\": \"Dlaczego coach rozwodowy nie daje rad klientom?\",\n    \"acceptedAnswer\": {\n      \"@type\": \"Answer\",\n      \"text\": \"\\n\\n&lt;p&gt;Poniewa\u017c on nie zna rozwi\u0105zania pasuj\u0105cego do klienta - to klient jest w jego posiadaniu. Dzi\u0119ki zmianie perspektywy i spojrzenia na sytuacj\u0119 klient sam odkrywa co w jego sytuacji b\u0119dzie najlepsze.&lt;\/p&gt;\\n\\n\"\n    }\n  }\n<\/script><\/section>\n\n\n<div class=\" spacing-top main-wrapper \" \/>\n<\/div><\/div>\n","protected":false},"excerpt":{"rendered":"","protected":false},"author":1,"featured_media":0,"parent":0,"menu_order":0,"comment_status":"closed","ping_status":"closed","template":"","meta":{"footnotes":""},"class_list":["post-15","page","type-page","status-publish","hentry"],"_links":{"self":[{"href":"https:\/\/beefreelegally.com\/pl\/wp-json\/wp\/v2\/pages\/15","targetHints":{"allow":["GET"]}}],"collection":[{"href":"https:\/\/beefreelegally.com\/pl\/wp-json\/wp\/v2\/pages"}],"about":[{"href":"https:\/\/beefreelegally.com\/pl\/wp-json\/wp\/v2\/types\/page"}],"author":[{"embeddable":true,"href":"https:\/\/beefreelegally.com\/pl\/wp-json\/wp\/v2\/users\/1"}],"replies":[{"embeddable":true,"href":"https:\/\/beefreelegally.com\/pl\/wp-json\/wp\/v2\/comments?post=15"}],"version-history":[{"count":3,"href":"https:\/\/beefreelegally.com\/pl\/wp-json\/wp\/v2\/pages\/15\/revisions"}],"predecessor-version":[{"id":266,"href":"https:\/\/beefreelegally.com\/pl\/wp-json\/wp\/v2\/pages\/15\/revisions\/266"}],"wp:attachment":[{"href":"https:\/\/beefreelegally.com\/pl\/wp-json\/wp\/v2\/media?parent=15"}],"curies":[{"name":"wp","href":"https:\/\/api.w.org\/{rel}","templated":true}]}}