{"id":11,"date":"2025-07-24T08:36:11","date_gmt":"2025-07-24T06:36:11","guid":{"rendered":"https:\/\/beefreelegally.com\/?page_id=11"},"modified":"2025-07-28T11:14:43","modified_gmt":"2025-07-28T09:14:43","slug":"referencje","status":"publish","type":"page","link":"https:\/\/beefreelegally.com\/pl\/referencje\/","title":{"rendered":"Referencje"},"content":{"rendered":"<section class=\"px-5 main-wrapper \">\n\n  <div class=\"swiper swiper-reviews lg:py-12 gap-11 lg:flex-row lg:justify-between lg:items-stretch\">\n    <div class=\"w-full swiper-wrapper \">\n                <div class=\"swiper-slide   text-center !h-auto  \">\n            <div class=\"flex flex-col items-center h-full gap-2 lg:gap-5\">\n              <div class=\"flex justify-center gap-2 \">\n\n                              <\/div>\n              <p>Czu\u0142am si\u0119 zaopiekowana i zrozumiana jak nigdy wcze\u015bniej.\u201d\r\nPo wielu miesi\u0105cach chaosu w ko\u0144cu mog\u0142am pouk\u0142ada\u0107 swoje my\u015bli. Dzi\u0119ki naszym rozmowom odzyska\u0142am spok\u00f3j i zacz\u0119\u0142am znowu ufa\u0107 sobie. <\/p>\n              <div class=\"lg:flex lg:justify-center gap-y-2 grow lg:items-end lg:self-stretch text-grayCustom\">\n\n                <div>\n                  <p class=\"font-semibold \">Magdalena <\/p>\n\n                <\/div>\n\n              <\/div>\n            <\/div>\n          <\/div>\n                <div class=\"swiper-slide   text-center !h-auto  \">\n            <div class=\"flex flex-col items-center h-full gap-2 lg:gap-5\">\n              <div class=\"flex justify-center gap-2 \">\n\n                              <\/div>\n              <p>Ten coaching zmieni\u0142 moje \u017cycie \u2013 dos\u0142ownie.\u201d\r\nBy\u0142em zagubiony, pe\u0142en z\u0142o\u015bci i l\u0119ku. Teraz wiem, czego chc\u0119, i co najwa\u017cniejsze \u2013 wiem, jak do tego doj\u015b\u0107. Dzi\u0119kuj\u0119 za wsparcie bez oceniania. <\/p>\n              <div class=\"lg:flex lg:justify-center gap-y-2 grow lg:items-end lg:self-stretch text-grayCustom\">\n\n                <div>\n                  <p class=\"font-semibold \">Tomasz <\/p>\n\n                <\/div>\n\n              <\/div>\n            <\/div>\n          <\/div>\n                <div class=\"swiper-slide   text-center !h-auto  \">\n            <div class=\"flex flex-col items-center h-full gap-2 lg:gap-5\">\n              <div class=\"flex justify-center gap-2 \">\n\n                              <\/div>\n              <p>Rozstanie by\u0142o trudne, ale nie by\u0142am w tym sama.\u201d\r\nDzi\u0119ki naszym spotkaniom przesta\u0142am widzie\u0107 siebie jako ofiar\u0119. Zacz\u0119\u0142am budowa\u0107 nowe \u017cycie, kt\u00f3re naprawd\u0119 jest moje <\/p>\n              <div class=\"lg:flex lg:justify-center gap-y-2 grow lg:items-end lg:self-stretch text-grayCustom\">\n\n                <div>\n                  <p class=\"font-semibold \">Joanna <\/p>\n\n                <\/div>\n\n              <\/div>\n            <\/div>\n          <\/div>\n      \n\n\n\n\n\n    <\/div>\n  <\/div>\n<\/section>","protected":false},"excerpt":{"rendered":"","protected":false},"author":1,"featured_media":0,"parent":0,"menu_order":0,"comment_status":"closed","ping_status":"closed","template":"","meta":{"footnotes":""},"class_list":["post-11","page","type-page","status-publish","hentry"],"_links":{"self":[{"href":"https:\/\/beefreelegally.com\/pl\/wp-json\/wp\/v2\/pages\/11","targetHints":{"allow":["GET"]}}],"collection":[{"href":"https:\/\/beefreelegally.com\/pl\/wp-json\/wp\/v2\/pages"}],"about":[{"href":"https:\/\/beefreelegally.com\/pl\/wp-json\/wp\/v2\/types\/page"}],"author":[{"embeddable":true,"href":"https:\/\/beefreelegally.com\/pl\/wp-json\/wp\/v2\/users\/1"}],"replies":[{"embeddable":true,"href":"https:\/\/beefreelegally.com\/pl\/wp-json\/wp\/v2\/comments?post=11"}],"version-history":[{"count":2,"href":"https:\/\/beefreelegally.com\/pl\/wp-json\/wp\/v2\/pages\/11\/revisions"}],"predecessor-version":[{"id":188,"href":"https:\/\/beefreelegally.com\/pl\/wp-json\/wp\/v2\/pages\/11\/revisions\/188"}],"wp:attachment":[{"href":"https:\/\/beefreelegally.com\/pl\/wp-json\/wp\/v2\/media?parent=11"}],"curies":[{"name":"wp","href":"https:\/\/api.w.org\/{rel}","templated":true}]}}